{"id":10,"date":"2025-02-19T12:20:53","date_gmt":"2025-02-19T12:20:53","guid":{"rendered":"https:\/\/autarkianum.net\/?page_id=10"},"modified":"2025-02-19T12:20:53","modified_gmt":"2025-02-19T12:20:53","slug":"impressum","status":"publish","type":"page","link":"https:\/\/autarkianum.net\/index.php\/impressum\/","title":{"rendered":"Impressum"},"content":{"rendered":"<p>Verein EUFFA &#8211; European Fair Finance Association (ideelle Schweizer Faireinigung)<br \/>\nHelmut Joachim Bloch<br \/>\nKerenzerbergstra\u00dfe 8<br \/>\nc\/o SRE-Swiss eG-Wirk-Fairbund (Regional Buero Schweiz)<br \/>\n8757 Filzbach (Glarus Nord)<br \/>\nSchweiz<\/p>\n<p><strong>Vertreten durch:<\/strong><br \/>\nHelmut Joachim Bloch<\/p>\n<p><strong>Kontakt:<\/strong><br \/>\nTelefon: +41 55 588 0043 99<br \/>\nE-Mail:\u00a0info@euffa.ch<\/p>\n<p><strong>Steuer-Nummer:<\/strong><br \/>\nJ0S02279466 (im SRE-Swiss Fairbund)<strong>Umsatzsteuer-ID:<\/strong><br \/>\nUmsatzsteuer-Identifikationsnummer gem\u00e4\u00df \u00a727a Umsatzsteuergesetz: CHE-328.074.716 (im SRE Swiss-Fairbund)<\/p>\n<p><strong>Verantwortlich f\u00fcr den Inhalt nach \u00a7 55 Abs. 2 RStV:<\/strong><br \/>\nHelmut Joachim Bloch<br \/>\nKerenzerbergstra\u00dfe 8<br \/>\n8757 Filzbach (Glarus Nord)<br \/>\nSchweiz<\/p>\n","protected":false},"excerpt":{"rendered":"<p>Verein EUFFA &#8211; European Fair Finance Association (ideelle Schweizer Faireinigung) Helmut Joachim Bloch Kerenzerbergstra\u00dfe 8 c\/o SRE-Swiss eG-Wirk-Fairbund (Regional Buero Schweiz) 8757 Filzbach (Glarus Nord) Schweiz Vertreten durch: Helmut Joachim Bloch Kontakt: Telefon: +41 55 588 0043 99 E-Mail:\u00a0info@euffa.ch Steuer-Nummer: J0S02279466 (im SRE-Swiss Fairbund)Umsatzsteuer-ID: Umsatzsteuer-Identifikationsnummer gem\u00e4\u00df \u00a727a Umsatzsteuergesetz: CHE-328.074.716 (im SRE Swiss-Fairbund) Verantwortlich f\u00fcr den [&hellip;]<\/p>\n","protected":false},"author":1,"featured_media":0,"parent":0,"menu_order":0,"comment_status":"closed","ping_status":"closed","template":"","meta":{"footnotes":""},"class_list":["post-10","page","type-page","status-publish","hentry"],"yoast_head":"<!-- This site is optimized with the Yoast SEO plugin v27.4 - https:\/\/yoast.com\/product\/yoast-seo-wordpress\/ -->\n<title>Impressum - Das Zeitalter der Autarkianerinnen &amp; Autarkianer hat begonnen ...<\/title>\n<meta name=\"robots\" content=\"index, follow, max-snippet:-1, max-image-preview:large, max-video-preview:-1\" \/>\n<link rel=\"canonical\" href=\"https:\/\/autarkianum.net\/index.php\/impressum\/\" \/>\n<meta property=\"og:locale\" content=\"de_DE\" \/>\n<meta property=\"og:type\" content=\"article\" \/>\n<meta property=\"og:title\" content=\"Impressum - Das Zeitalter der Autarkianerinnen &amp; Autarkianer hat begonnen ...\" \/>\n<meta property=\"og:description\" content=\"Verein EUFFA &#8211; European Fair Finance Association (ideelle Schweizer Faireinigung) Helmut Joachim Bloch Kerenzerbergstra\u00dfe 8 c\/o SRE-Swiss eG-Wirk-Fairbund (Regional Buero Schweiz) 8757 Filzbach (Glarus Nord) Schweiz Vertreten durch: Helmut Joachim Bloch Kontakt: Telefon: +41 55 588 0043 99 E-Mail:\u00a0info@euffa.ch Steuer-Nummer: J0S02279466 (im SRE-Swiss Fairbund)Umsatzsteuer-ID: Umsatzsteuer-Identifikationsnummer gem\u00e4\u00df \u00a727a Umsatzsteuergesetz: CHE-328.074.716 (im SRE Swiss-Fairbund) Verantwortlich f\u00fcr den [&hellip;]\" \/>\n<meta property=\"og:url\" content=\"https:\/\/autarkianum.net\/index.php\/impressum\/\" \/>\n<meta property=\"og:site_name\" content=\"Das Zeitalter der Autarkianerinnen &amp; Autarkianer hat begonnen ...\" \/>\n<meta name=\"twitter:card\" content=\"summary_large_image\" \/>\n<meta name=\"twitter:label1\" content=\"Gesch\u00e4tzte Lesezeit\" \/>\n\t<meta name=\"twitter:data1\" content=\"1\u00a0Minute\" \/>\n<script type=\"application\/ld+json\" class=\"yoast-schema-graph\">{\"@context\":\"https:\\\/\\\/schema.org\",\"@graph\":[{\"@type\":\"WebPage\",\"@id\":\"https:\\\/\\\/autarkianum.net\\\/index.php\\\/impressum\\\/\",\"url\":\"https:\\\/\\\/autarkianum.net\\\/index.php\\\/impressum\\\/\",\"name\":\"Impressum - Das Zeitalter der Autarkianerinnen &amp; Autarkianer hat begonnen ...\",\"isPartOf\":{\"@id\":\"https:\\\/\\\/autarkianum.net\\\/#website\"},\"datePublished\":\"2025-02-19T12:20:53+00:00\",\"breadcrumb\":{\"@id\":\"https:\\\/\\\/autarkianum.net\\\/index.php\\\/impressum\\\/#breadcrumb\"},\"inLanguage\":\"de\",\"potentialAction\":[{\"@type\":\"ReadAction\",\"target\":[\"https:\\\/\\\/autarkianum.net\\\/index.php\\\/impressum\\\/\"]}]},{\"@type\":\"BreadcrumbList\",\"@id\":\"https:\\\/\\\/autarkianum.net\\\/index.php\\\/impressum\\\/#breadcrumb\",\"itemListElement\":[{\"@type\":\"ListItem\",\"position\":1,\"name\":\"Startseite\",\"item\":\"https:\\\/\\\/autarkianum.net\\\/\"},{\"@type\":\"ListItem\",\"position\":2,\"name\":\"Impressum\"}]},{\"@type\":\"WebSite\",\"@id\":\"https:\\\/\\\/autarkianum.net\\\/#website\",\"url\":\"https:\\\/\\\/autarkianum.net\\\/\",\"name\":\"Das Zeitalter der Autarkianerinnen &amp; Autarkianer hat begonnen ...\",\"description\":\"... e&lt;em&gt;s ist das Neue Zeitalter der wahren, beseelten, lebendigen Menschen. Menschen mit echter Empathie, echtem Mitgef\u00fchl und gelebter Menschlichkeit - im Guten Zusammen-Leben und Zusammen-Wirken, klaren Ent-Scheidungen und B\u00fcndelung von Schaffens-Kraft &amp; Energien - zum H\u00f6chten Wohle Aller, der Mutter Erde und des Ganzen ... &lt;\\\/em&gt; \",\"potentialAction\":[{\"@type\":\"SearchAction\",\"target\":{\"@type\":\"EntryPoint\",\"urlTemplate\":\"https:\\\/\\\/autarkianum.net\\\/?s={search_term_string}\"},\"query-input\":{\"@type\":\"PropertyValueSpecification\",\"valueRequired\":true,\"valueName\":\"search_term_string\"}}],\"inLanguage\":\"de\"}]}<\/script>\n<!-- \/ Yoast SEO plugin. -->","yoast_head_json":{"title":"Impressum - Das Zeitalter der Autarkianerinnen &amp; Autarkianer hat begonnen ...","robots":{"index":"index","follow":"follow","max-snippet":"max-snippet:-1","max-image-preview":"max-image-preview:large","max-video-preview":"max-video-preview:-1"},"canonical":"https:\/\/autarkianum.net\/index.php\/impressum\/","og_locale":"de_DE","og_type":"article","og_title":"Impressum - Das Zeitalter der Autarkianerinnen &amp; Autarkianer hat begonnen ...","og_description":"Verein EUFFA &#8211; European Fair Finance Association (ideelle Schweizer Faireinigung) Helmut Joachim Bloch Kerenzerbergstra\u00dfe 8 c\/o SRE-Swiss eG-Wirk-Fairbund (Regional Buero Schweiz) 8757 Filzbach (Glarus Nord) Schweiz Vertreten durch: Helmut Joachim Bloch Kontakt: Telefon: +41 55 588 0043 99 E-Mail:\u00a0info@euffa.ch Steuer-Nummer: J0S02279466 (im SRE-Swiss Fairbund)Umsatzsteuer-ID: Umsatzsteuer-Identifikationsnummer gem\u00e4\u00df \u00a727a Umsatzsteuergesetz: CHE-328.074.716 (im SRE Swiss-Fairbund) Verantwortlich f\u00fcr den [&hellip;]","og_url":"https:\/\/autarkianum.net\/index.php\/impressum\/","og_site_name":"Das Zeitalter der Autarkianerinnen &amp; Autarkianer hat begonnen ...","twitter_card":"summary_large_image","twitter_misc":{"Gesch\u00e4tzte Lesezeit":"1\u00a0Minute"},"schema":{"@context":"https:\/\/schema.org","@graph":[{"@type":"WebPage","@id":"https:\/\/autarkianum.net\/index.php\/impressum\/","url":"https:\/\/autarkianum.net\/index.php\/impressum\/","name":"Impressum - Das Zeitalter der Autarkianerinnen &amp; Autarkianer hat begonnen ...","isPartOf":{"@id":"https:\/\/autarkianum.net\/#website"},"datePublished":"2025-02-19T12:20:53+00:00","breadcrumb":{"@id":"https:\/\/autarkianum.net\/index.php\/impressum\/#breadcrumb"},"inLanguage":"de","potentialAction":[{"@type":"ReadAction","target":["https:\/\/autarkianum.net\/index.php\/impressum\/"]}]},{"@type":"BreadcrumbList","@id":"https:\/\/autarkianum.net\/index.php\/impressum\/#breadcrumb","itemListElement":[{"@type":"ListItem","position":1,"name":"Startseite","item":"https:\/\/autarkianum.net\/"},{"@type":"ListItem","position":2,"name":"Impressum"}]},{"@type":"WebSite","@id":"https:\/\/autarkianum.net\/#website","url":"https:\/\/autarkianum.net\/","name":"Das Zeitalter der Autarkianerinnen &amp; Autarkianer hat begonnen ...","description":"... e&lt;em&gt;s ist das Neue Zeitalter der wahren, beseelten, lebendigen Menschen. Menschen mit echter Empathie, echtem Mitgef\u00fchl und gelebter Menschlichkeit - im Guten Zusammen-Leben und Zusammen-Wirken, klaren Ent-Scheidungen und B\u00fcndelung von Schaffens-Kraft &amp; Energien - zum H\u00f6chten Wohle Aller, der Mutter Erde und des Ganzen ... &lt;\/em&gt; ","potentialAction":[{"@type":"SearchAction","target":{"@type":"EntryPoint","urlTemplate":"https:\/\/autarkianum.net\/?s={search_term_string}"},"query-input":{"@type":"PropertyValueSpecification","valueRequired":true,"valueName":"search_term_string"}}],"inLanguage":"de"}]}},"_links":{"self":[{"href":"https:\/\/autarkianum.net\/index.php\/wp-json\/wp\/v2\/pages\/10","targetHints":{"allow":["GET"]}}],"collection":[{"href":"https:\/\/autarkianum.net\/index.php\/wp-json\/wp\/v2\/pages"}],"about":[{"href":"https:\/\/autarkianum.net\/index.php\/wp-json\/wp\/v2\/types\/page"}],"author":[{"embeddable":true,"href":"https:\/\/autarkianum.net\/index.php\/wp-json\/wp\/v2\/users\/1"}],"replies":[{"embeddable":true,"href":"https:\/\/autarkianum.net\/index.php\/wp-json\/wp\/v2\/comments?post=10"}],"version-history":[{"count":1,"href":"https:\/\/autarkianum.net\/index.php\/wp-json\/wp\/v2\/pages\/10\/revisions"}],"predecessor-version":[{"id":11,"href":"https:\/\/autarkianum.net\/index.php\/wp-json\/wp\/v2\/pages\/10\/revisions\/11"}],"wp:attachment":[{"href":"https:\/\/autarkianum.net\/index.php\/wp-json\/wp\/v2\/media?parent=10"}],"curies":[{"name":"wp","href":"https:\/\/api.w.org\/{rel}","templated":true}]}}